{"id":33,"date":"2024-07-28T14:53:38","date_gmt":"2024-07-28T12:53:38","guid":{"rendered":"https:\/\/atmosphere-atmosphere.com\/contact\/"},"modified":"2024-10-15T18:45:51","modified_gmt":"2024-10-15T16:45:51","slug":"contact","status":"publish","type":"page","link":"https:\/\/atmosphere-atmosphere.com\/en\/contact\/","title":{"rendered":"Contact"},"content":{"rendered":"\t\t<div data-elementor-type=\"wp-page\" data-elementor-id=\"33\" class=\"elementor elementor-33\">\n\t\t\t\t<div class=\"elementor-element elementor-element-badc950 e-flex e-con-boxed e-con e-parent\" data-id=\"badc950\" data-element_type=\"container\" data-e-type=\"container\" data-settings=\"{&quot;background_background&quot;:&quot;classic&quot;}\">\n\t\t\t\t\t<div class=\"e-con-inner\">\n\t\t<div class=\"elementor-element elementor-element-05b938a e-con-full e-flex e-con e-child\" data-id=\"05b938a\" data-element_type=\"container\" data-e-type=\"container\">\n\t\t\t\t<div class=\"elementor-element elementor-element-735b1d9 elementor-widget elementor-widget-heading\" data-id=\"735b1d9\" data-element_type=\"widget\" data-e-type=\"widget\" data-widget_type=\"heading.default\">\n\t\t\t\t<div class=\"elementor-widget-container\">\n\t\t\t\t\t<h1 class=\"elementor-heading-title elementor-size-default\">Contact<\/h1>\t\t\t\t<\/div>\n\t\t\t\t<\/div>\n\t\t\t\t<\/div>\n\t\t\t\t\t<\/div>\n\t\t\t\t<\/div>\n\t\t<div class=\"elementor-element elementor-element-e454bcb e-flex e-con-boxed e-con e-parent\" data-id=\"e454bcb\" data-element_type=\"container\" data-e-type=\"container\">\n\t\t\t\t\t<div class=\"e-con-inner\">\n\t\t\t\t\t<\/div>\n\t\t\t\t<\/div>\n\t\t<div class=\"elementor-element elementor-element-f97bfa7 e-flex e-con-boxed e-con e-parent\" data-id=\"f97bfa7\" data-element_type=\"container\" data-e-type=\"container\">\n\t\t\t\t\t<div class=\"e-con-inner\">\n\t\t\t\t<div class=\"elementor-element elementor-element-32a80fe elementor-widget elementor-widget-heading\" data-id=\"32a80fe\" data-element_type=\"widget\" data-e-type=\"widget\" data-widget_type=\"heading.default\">\n\t\t\t\t<div class=\"elementor-widget-container\">\n\t\t\t\t\t<h2 class=\"elementor-heading-title elementor-size-default\">EMAIL : contact@atmosphere-atmosphere.com<\/h2>\t\t\t\t<\/div>\n\t\t\t\t<\/div>\n\t\t\t\t\t<\/div>\n\t\t\t\t<\/div>\n\t\t<div class=\"elementor-element elementor-element-b9b6d43 e-flex e-con-boxed e-con e-parent\" data-id=\"b9b6d43\" data-element_type=\"container\" data-e-type=\"container\">\n\t\t\t\t\t<div class=\"e-con-inner\">\n\t\t\t\t<div class=\"elementor-element elementor-element-1c5d72e elementor-widget elementor-widget-wpforms\" data-id=\"1c5d72e\" data-element_type=\"widget\" data-e-type=\"widget\" data-widget_type=\"wpforms.default\">\n\t\t\t\t<div class=\"elementor-widget-container\">\n\t\t\t\t\t<div class=\"wpforms-container \" id=\"wpforms-1068\"><form id=\"wpforms-form-1068\" class=\"wpforms-validate wpforms-form wpforms-ajax-form\" data-formid=\"1068\" method=\"post\" enctype=\"multipart\/form-data\" action=\"\/en\/wp-json\/wp\/v2\/pages\/33\" data-token=\"c6b384a41277be192ac5b7ef1f68a221\" data-token-time=\"1776434085\"><noscript class=\"wpforms-error-noscript\">Please enable JavaScript in your browser to complete this form.<\/noscript><div class=\"wpforms-field-container\"><div id=\"wpforms-1068-field_0-container\" class=\"wpforms-field wpforms-field-name\" data-field-id=\"0\"><label class=\"wpforms-field-label\">Nom <span class=\"wpforms-required-label\">*<\/span><\/label><div class=\"wpforms-field-row wpforms-field-medium\"><div class=\"wpforms-field-row-block wpforms-first wpforms-one-half\"><input type=\"text\" id=\"wpforms-1068-field_0\" class=\"wpforms-field-name-first wpforms-field-required\" name=\"wpforms[fields][0][first]\" required><label for=\"wpforms-1068-field_0\" class=\"wpforms-field-sublabel after\">First<\/label><\/div><div class=\"wpforms-field-row-block wpforms-one-half\"><input type=\"text\" id=\"wpforms-1068-field_0-last\" class=\"wpforms-field-name-last wpforms-field-required\" name=\"wpforms[fields][0][last]\" required><label for=\"wpforms-1068-field_0-last\" class=\"wpforms-field-sublabel after\">Last<\/label><\/div><\/div><\/div><div id=\"wpforms-1068-field_1-container\" class=\"wpforms-field wpforms-field-email\" data-field-id=\"1\"><label class=\"wpforms-field-label\" for=\"wpforms-1068-field_1\">E-mail <span class=\"wpforms-required-label\">*<\/span><\/label><input type=\"email\" id=\"wpforms-1068-field_1\" class=\"wpforms-field-medium wpforms-field-required\" name=\"wpforms[fields][1]\" spellcheck=\"false\" required><\/div><div id=\"wpforms-1068-field_2-container\" class=\"wpforms-field wpforms-field-textarea\" data-field-id=\"2\"><label class=\"wpforms-field-label\" for=\"wpforms-1068-field_2\">Commentaire ou message<\/label><textarea id=\"wpforms-1068-field_2\" class=\"wpforms-field-medium\" name=\"wpforms[fields][2]\" ><\/textarea><\/div><\/div><!-- .wpforms-field-container --><div class=\"wpforms-submit-container\" ><input type=\"hidden\" name=\"wpforms[id]\" value=\"1068\"><input type=\"hidden\" name=\"page_title\" value=\"\"><input type=\"hidden\" name=\"page_url\" value=\"https:\/\/atmosphere-atmosphere.com\/en\/wp-json\/wp\/v2\/pages\/33\"><input type=\"hidden\" name=\"url_referer\" value=\"\"><button type=\"submit\" name=\"wpforms[submit]\" id=\"wpforms-submit-1068\" class=\"wpforms-submit\" data-alt-text=\"Envoi...\" data-submit-text=\"Envoyer\" aria-live=\"assertive\" value=\"wpforms-submit\">Envoyer<\/button><img decoding=\"async\" src=\"https:\/\/atmosphere-atmosphere.com\/wp-content\/plugins\/wpforms-lite\/assets\/images\/submit-spin.svg\" class=\"wpforms-submit-spinner\" style=\"display: none;\" width=\"26\" height=\"26\" alt=\"Loading\"><\/div><\/form><\/div>  <!-- .wpforms-container -->\t\t\t\t<\/div>\n\t\t\t\t<\/div>\n\t\t\t\t\t<\/div>\n\t\t\t\t<\/div>\n\t\t\t\t<\/div>\n\t\t","protected":false},"excerpt":{"rendered":"<p>Contact EMAIL : contact@atmosphere-atmosphere.com Veuillez activer JavaScript dans votre navigateur pour remplir ce formulaire.Nom *Pr\u00e9nomNomE-mail *Commentaire ou message Envoyer<\/p>","protected":false},"author":1,"featured_media":0,"parent":0,"menu_order":0,"comment_status":"closed","ping_status":"closed","template":"","meta":{"site-sidebar-layout":"no-sidebar","site-content-layout":"page-builder","ast-site-content-layout":"full-width-container","site-content-style":"unboxed","site-sidebar-style":"unboxed","ast-global-header-display":"","ast-banner-title-visibility":"","ast-main-header-display":"","ast-hfb-above-header-display":"","ast-hfb-below-header-display":"","ast-hfb-mobile-header-display":"","site-post-title":"disabled","ast-breadcrumbs-content":"","ast-featured-img":"","footer-sml-layout":"","theme-transparent-header-meta":"enabled","adv-header-id-meta":"","stick-header-meta":"","header-above-stick-meta":"","header-main-stick-meta":"","header-below-stick-meta":"","astra-migrate-meta-layouts":"set","ast-page-background-enabled":"default","ast-page-background-meta":{"desktop":{"background-color":"","background-image":"","background-repeat":"repeat","background-position":"center center","background-size":"auto","background-attachment":"scroll","background-type":"","background-media":"","overlay-type":"","overlay-color":"","overlay-opacity":"","overlay-gradient":""},"tablet":{"background-color":"","background-image":"","background-repeat":"repeat","background-position":"center center","background-size":"auto","background-attachment":"scroll","background-type":"","background-media":"","overlay-type":"","overlay-color":"","overlay-opacity":"","overlay-gradient":""},"mobile":{"background-color":"","background-image":"","background-repeat":"repeat","background-position":"center center","background-size":"auto","background-attachment":"scroll","background-type":"","background-media":"","overlay-type":"","overlay-color":"","overlay-opacity":"","overlay-gradient":""}},"ast-content-background-meta":{"desktop":{"background-color":"var(--ast-global-color-5)","background-image":"","background-repeat":"repeat","background-position":"center center","background-size":"auto","background-attachment":"scroll","background-type":"","background-media":"","overlay-type":"","overlay-color":"","overlay-opacity":"","overlay-gradient":""},"tablet":{"background-color":"var(--ast-global-color-5)","background-image":"","background-repeat":"repeat","background-position":"center center","background-size":"auto","background-attachment":"scroll","background-type":"","background-media":"","overlay-type":"","overlay-color":"","overlay-opacity":"","overlay-gradient":""},"mobile":{"background-color":"var(--ast-global-color-5)","background-image":"","background-repeat":"repeat","background-position":"center center","background-size":"auto","background-attachment":"scroll","background-type":"","background-media":"","overlay-type":"","overlay-color":"","overlay-opacity":"","overlay-gradient":""}},"footnotes":""},"class_list":["post-33","page","type-page","status-publish","hentry"],"yoast_head":"<!-- This site is optimized with the Yoast SEO plugin v26.9 - https:\/\/yoast.com\/product\/yoast-seo-wordpress\/ -->\n<title>Contact - Atmosphere-Atmosphere<\/title>\n<meta name=\"description\" content=\"pour commander des ronds de verres et marqueurs de verres, n&#039;h\u00e9sitez pas \u00e0 nous \u00e9crire, nous sommes \u00e0 votre disposition\" \/>\n<meta name=\"robots\" content=\"index, follow, max-snippet:-1, max-image-preview:large, max-video-preview:-1\" \/>\n<link rel=\"canonical\" href=\"https:\/\/atmosphere-atmosphere.com\/en\/contact\/\" \/>\n<meta property=\"og:locale\" content=\"en_US\" \/>\n<meta property=\"og:type\" content=\"article\" \/>\n<meta property=\"og:title\" content=\"Contact - Atmosphere-Atmosphere\" \/>\n<meta property=\"og:description\" content=\"pour commander des ronds de verres et marqueurs de verres, n&#039;h\u00e9sitez pas \u00e0 nous \u00e9crire, nous sommes \u00e0 votre disposition\" \/>\n<meta property=\"og:url\" content=\"https:\/\/atmosphere-atmosphere.com\/en\/contact\/\" \/>\n<meta property=\"og:site_name\" content=\"Atmosphere-Atmosphere\" \/>\n<meta property=\"article:modified_time\" content=\"2024-10-15T16:45:51+00:00\" \/>\n<meta property=\"og:image\" content=\"https:\/\/atmosphere-atmosphere.com\/wp-content\/plugins\/wpforms-lite\/assets\/images\/submit-spin.svg\" \/>\n<meta name=\"twitter:card\" content=\"summary_large_image\" \/>\n<meta name=\"twitter:label1\" content=\"Est. reading time\" \/>\n\t<meta name=\"twitter:data1\" content=\"1 minute\" \/>\n<script type=\"application\/ld+json\" class=\"yoast-schema-graph\">{\"@context\":\"https:\/\/schema.org\",\"@graph\":[{\"@type\":\"WebPage\",\"@id\":\"https:\/\/atmosphere-atmosphere.com\/contact\/\",\"url\":\"https:\/\/atmosphere-atmosphere.com\/contact\/\",\"name\":\"Contact - Atmosphere-Atmosphere\",\"isPartOf\":{\"@id\":\"https:\/\/atmosphere-atmosphere.com\/#website\"},\"primaryImageOfPage\":{\"@id\":\"https:\/\/atmosphere-atmosphere.com\/contact\/#primaryimage\"},\"image\":{\"@id\":\"https:\/\/atmosphere-atmosphere.com\/contact\/#primaryimage\"},\"thumbnailUrl\":\"https:\/\/atmosphere-atmosphere.com\/wp-content\/plugins\/wpforms-lite\/assets\/images\/submit-spin.svg\",\"datePublished\":\"2024-07-28T12:53:38+00:00\",\"dateModified\":\"2024-10-15T16:45:51+00:00\",\"description\":\"pour commander des ronds de verres et marqueurs de verres, n'h\u00e9sitez pas \u00e0 nous \u00e9crire, nous sommes \u00e0 votre disposition\",\"breadcrumb\":{\"@id\":\"https:\/\/atmosphere-atmosphere.com\/contact\/#breadcrumb\"},\"inLanguage\":\"en-US\",\"potentialAction\":[{\"@type\":\"ReadAction\",\"target\":[\"https:\/\/atmosphere-atmosphere.com\/contact\/\"]}]},{\"@type\":\"ImageObject\",\"inLanguage\":\"en-US\",\"@id\":\"https:\/\/atmosphere-atmosphere.com\/contact\/#primaryimage\",\"url\":\"https:\/\/atmosphere-atmosphere.com\/wp-content\/plugins\/wpforms-lite\/assets\/images\/submit-spin.svg\",\"contentUrl\":\"https:\/\/atmosphere-atmosphere.com\/wp-content\/plugins\/wpforms-lite\/assets\/images\/submit-spin.svg\"},{\"@type\":\"BreadcrumbList\",\"@id\":\"https:\/\/atmosphere-atmosphere.com\/contact\/#breadcrumb\",\"itemListElement\":[{\"@type\":\"ListItem\",\"position\":1,\"name\":\"Accueil\",\"item\":\"https:\/\/atmosphere-atmosphere.com\/\"},{\"@type\":\"ListItem\",\"position\":2,\"name\":\"Contact\"}]},{\"@type\":\"WebSite\",\"@id\":\"https:\/\/atmosphere-atmosphere.com\/#website\",\"url\":\"https:\/\/atmosphere-atmosphere.com\/\",\"name\":\"Atmosphere Atmosphere\",\"description\":\"Art de vivre autrement\",\"publisher\":{\"@id\":\"https:\/\/atmosphere-atmosphere.com\/#organization\"},\"potentialAction\":[{\"@type\":\"SearchAction\",\"target\":{\"@type\":\"EntryPoint\",\"urlTemplate\":\"https:\/\/atmosphere-atmosphere.com\/?s={search_term_string}\"},\"query-input\":{\"@type\":\"PropertyValueSpecification\",\"valueRequired\":true,\"valueName\":\"search_term_string\"}}],\"inLanguage\":\"en-US\"},{\"@type\":\"Organization\",\"@id\":\"https:\/\/atmosphere-atmosphere.com\/#organization\",\"name\":\"Atmosphere Atmosphere\",\"url\":\"https:\/\/atmosphere-atmosphere.com\/\",\"logo\":{\"@type\":\"ImageObject\",\"inLanguage\":\"en-US\",\"@id\":\"https:\/\/atmosphere-atmosphere.com\/#\/schema\/logo\/image\/\",\"url\":\"https:\/\/atmosphere-atmosphere.com\/wp-content\/uploads\/2024\/10\/Logo-oursin-seul-144px-favicon.png\",\"contentUrl\":\"https:\/\/atmosphere-atmosphere.com\/wp-content\/uploads\/2024\/10\/Logo-oursin-seul-144px-favicon.png\",\"width\":144,\"height\":144,\"caption\":\"Atmosphere Atmosphere\"},\"image\":{\"@id\":\"https:\/\/atmosphere-atmosphere.com\/#\/schema\/logo\/image\/\"}}]}<\/script>\n<!-- \/ Yoast SEO plugin. -->","yoast_head_json":{"title":"Contact - Atmosphere-Atmosphere","description":"pour commander des ronds de verres et marqueurs de verres, n'h\u00e9sitez pas \u00e0 nous \u00e9crire, nous sommes \u00e0 votre disposition","robots":{"index":"index","follow":"follow","max-snippet":"max-snippet:-1","max-image-preview":"max-image-preview:large","max-video-preview":"max-video-preview:-1"},"canonical":"https:\/\/atmosphere-atmosphere.com\/en\/contact\/","og_locale":"en_US","og_type":"article","og_title":"Contact - Atmosphere-Atmosphere","og_description":"pour commander des ronds de verres et marqueurs de verres, n'h\u00e9sitez pas \u00e0 nous \u00e9crire, nous sommes \u00e0 votre disposition","og_url":"https:\/\/atmosphere-atmosphere.com\/en\/contact\/","og_site_name":"Atmosphere-Atmosphere","article_modified_time":"2024-10-15T16:45:51+00:00","og_image":[{"url":"https:\/\/atmosphere-atmosphere.com\/wp-content\/plugins\/wpforms-lite\/assets\/images\/submit-spin.svg","type":"","width":"","height":""}],"twitter_card":"summary_large_image","twitter_misc":{"Est. reading time":"1 minute"},"schema":{"@context":"https:\/\/schema.org","@graph":[{"@type":"WebPage","@id":"https:\/\/atmosphere-atmosphere.com\/contact\/","url":"https:\/\/atmosphere-atmosphere.com\/contact\/","name":"Contact - Atmosphere-Atmosphere","isPartOf":{"@id":"https:\/\/atmosphere-atmosphere.com\/#website"},"primaryImageOfPage":{"@id":"https:\/\/atmosphere-atmosphere.com\/contact\/#primaryimage"},"image":{"@id":"https:\/\/atmosphere-atmosphere.com\/contact\/#primaryimage"},"thumbnailUrl":"https:\/\/atmosphere-atmosphere.com\/wp-content\/plugins\/wpforms-lite\/assets\/images\/submit-spin.svg","datePublished":"2024-07-28T12:53:38+00:00","dateModified":"2024-10-15T16:45:51+00:00","description":"pour commander des ronds de verres et marqueurs de verres, n'h\u00e9sitez pas \u00e0 nous \u00e9crire, nous sommes \u00e0 votre disposition","breadcrumb":{"@id":"https:\/\/atmosphere-atmosphere.com\/contact\/#breadcrumb"},"inLanguage":"en-US","potentialAction":[{"@type":"ReadAction","target":["https:\/\/atmosphere-atmosphere.com\/contact\/"]}]},{"@type":"ImageObject","inLanguage":"en-US","@id":"https:\/\/atmosphere-atmosphere.com\/contact\/#primaryimage","url":"https:\/\/atmosphere-atmosphere.com\/wp-content\/plugins\/wpforms-lite\/assets\/images\/submit-spin.svg","contentUrl":"https:\/\/atmosphere-atmosphere.com\/wp-content\/plugins\/wpforms-lite\/assets\/images\/submit-spin.svg"},{"@type":"BreadcrumbList","@id":"https:\/\/atmosphere-atmosphere.com\/contact\/#breadcrumb","itemListElement":[{"@type":"ListItem","position":1,"name":"Accueil","item":"https:\/\/atmosphere-atmosphere.com\/"},{"@type":"ListItem","position":2,"name":"Contact"}]},{"@type":"WebSite","@id":"https:\/\/atmosphere-atmosphere.com\/#website","url":"https:\/\/atmosphere-atmosphere.com\/","name":"Atmosphere Atmosphere","description":"A unique lifestyle","publisher":{"@id":"https:\/\/atmosphere-atmosphere.com\/#organization"},"potentialAction":[{"@type":"SearchAction","target":{"@type":"EntryPoint","urlTemplate":"https:\/\/atmosphere-atmosphere.com\/?s={search_term_string}"},"query-input":{"@type":"PropertyValueSpecification","valueRequired":true,"valueName":"search_term_string"}}],"inLanguage":"en-US"},{"@type":"Organization","@id":"https:\/\/atmosphere-atmosphere.com\/#organization","name":"Atmosphere Atmosphere","url":"https:\/\/atmosphere-atmosphere.com\/","logo":{"@type":"ImageObject","inLanguage":"en-US","@id":"https:\/\/atmosphere-atmosphere.com\/#\/schema\/logo\/image\/","url":"https:\/\/atmosphere-atmosphere.com\/wp-content\/uploads\/2024\/10\/Logo-oursin-seul-144px-favicon.png","contentUrl":"https:\/\/atmosphere-atmosphere.com\/wp-content\/uploads\/2024\/10\/Logo-oursin-seul-144px-favicon.png","width":144,"height":144,"caption":"Atmosphere Atmosphere"},"image":{"@id":"https:\/\/atmosphere-atmosphere.com\/#\/schema\/logo\/image\/"}}]}},"_links":{"self":[{"href":"https:\/\/atmosphere-atmosphere.com\/en\/wp-json\/wp\/v2\/pages\/33","targetHints":{"allow":["GET"]}}],"collection":[{"href":"https:\/\/atmosphere-atmosphere.com\/en\/wp-json\/wp\/v2\/pages"}],"about":[{"href":"https:\/\/atmosphere-atmosphere.com\/en\/wp-json\/wp\/v2\/types\/page"}],"author":[{"embeddable":true,"href":"https:\/\/atmosphere-atmosphere.com\/en\/wp-json\/wp\/v2\/users\/1"}],"replies":[{"embeddable":true,"href":"https:\/\/atmosphere-atmosphere.com\/en\/wp-json\/wp\/v2\/comments?post=33"}],"version-history":[{"count":22,"href":"https:\/\/atmosphere-atmosphere.com\/en\/wp-json\/wp\/v2\/pages\/33\/revisions"}],"predecessor-version":[{"id":1202,"href":"https:\/\/atmosphere-atmosphere.com\/en\/wp-json\/wp\/v2\/pages\/33\/revisions\/1202"}],"wp:attachment":[{"href":"https:\/\/atmosphere-atmosphere.com\/en\/wp-json\/wp\/v2\/media?parent=33"}],"curies":[{"name":"wp","href":"https:\/\/api.w.org\/{rel}","templated":true}]}}