{"id":1038,"date":"2024-07-29T17:45:29","date_gmt":"2024-07-29T15:45:29","guid":{"rendered":"https:\/\/atmosphere-atmosphere.com\/?page_id=1038"},"modified":"2024-07-29T17:45:29","modified_gmt":"2024-07-29T15:45:29","slug":"mentions-legales","status":"publish","type":"page","link":"https:\/\/atmosphere-atmosphere.com\/en\/mentions-legales\/","title":{"rendered":"Mentions L\u00e9gales"},"content":{"rendered":"<p>Ce site est propri\u00e9t\u00e9 de Fran\u00e7ois Hebert. <\/p>\n\n\n\n<p>07 86 22 31 81<\/p>\n\n\n\n<p>Il est h\u00e9berg\u00e9 par OVH<br>2 rue Kellermann<br>59 100 Roubaix<br>France<\/p>\n\n\n\n<h3 class=\"wp-block-heading\">Conditions d&rsquo;utilisation du site Internet www.atmosphere-atmosphere.com<\/h3>\n\n\n\n<p>Le site et chacun des \u00e9l\u00e9ments, y compris mais sans limitation les marques, les logos, ic\u00f4nes, infographies, photographies, qui le composent sont prot\u00e9g\u00e9s au titre de la l\u00e9gislation internationale de la propri\u00e9t\u00e9 intellectuelle. Les contenus figurant sur le site sont la propri\u00e9t\u00e9 de Fran\u00e7ois Hebert ou d\u2019autres entreprises. Toute utilisation, reproduction ou repr\u00e9sentation, par quelque proc\u00e9d\u00e9 que ce soit, et sur quelque support que ce soit, de tout ou partie du site et\/ou des \u00e9l\u00e9ments qui le composent n&rsquo;est pas autoris\u00e9e sans le consentement expresse de Fran\u00e7ois Hebert.<\/p>\n\n\n\n<p>La marque Atmosphere-Atmosphere, son logo, et toutes les autres marques AA qui figurent sur le pr\u00e9sent site internet sont des marques enregistr\u00e9es, dont le titulaire est AA. Toutes les autres marques qui figurent sur le pr\u00e9sent site internet sont la propri\u00e9t\u00e9 de leurs titulaires respectifs.<\/p>\n\n\n\n<h3 class=\"wp-block-heading\">Donn\u00e9es personnelles<\/h3>\n\n\n\n<p>D&rsquo;une fa\u00e7on g\u00e9n\u00e9rale, vous pouvez visiter notre site sur Internet sans avoir \u00e0 d\u00e9cliner votre identit\u00e9 et \u00e0 fournir des informations personnelles vous concernant. Cependant, nous pouvons parfois vous demander des informations. Par exemple, pour traiter une commande, \u00e9tablir une correspondance, fournir un abonnement ou soumettre une candidature \u00e0 un poste. Nous pouvons compl\u00e9ter ces informations pour conclure une transaction ou offrir un meilleur service.<\/p>","protected":false},"excerpt":{"rendered":"<p>Ce site est propri\u00e9t\u00e9 de Fran\u00e7ois Hebert. 07 86 22 31 81 Il est h\u00e9berg\u00e9 par OVH2 rue Kellermann59 100 RoubaixFrance Conditions d&rsquo;utilisation du site Internet www.atmosphere-atmosphere.com Le site et chacun des \u00e9l\u00e9ments, y compris mais sans limitation les marques, les logos, ic\u00f4nes, infographies, photographies, qui le composent sont prot\u00e9g\u00e9s au titre de la l\u00e9gislation [&hellip;]<\/p>\n","protected":false},"author":1,"featured_media":0,"parent":0,"menu_order":0,"comment_status":"closed","ping_status":"closed","template":"","meta":{"site-sidebar-layout":"default","site-content-layout":"","ast-site-content-layout":"default","site-content-style":"default","site-sidebar-style":"default","ast-global-header-display":"","ast-banner-title-visibility":"","ast-main-header-display":"","ast-hfb-above-header-display":"","ast-hfb-below-header-display":"","ast-hfb-mobile-header-display":"","site-post-title":"","ast-breadcrumbs-content":"","ast-featured-img":"","footer-sml-layout":"","theme-transparent-header-meta":"","adv-header-id-meta":"","stick-header-meta":"","header-above-stick-meta":"","header-main-stick-meta":"","header-below-stick-meta":"","astra-migrate-meta-layouts":"set","ast-page-background-enabled":"default","ast-page-background-meta":{"desktop":{"background-color":"","background-image":"","background-repeat":"repeat","background-position":"center center","background-size":"auto","background-attachment":"scroll","background-type":"","background-media":"","overlay-type":"","overlay-color":"","overlay-opacity":"","overlay-gradient":""},"tablet":{"background-color":"","background-image":"","background-repeat":"repeat","background-position":"center center","background-size":"auto","background-attachment":"scroll","background-type":"","background-media":"","overlay-type":"","overlay-color":"","overlay-opacity":"","overlay-gradient":""},"mobile":{"background-color":"","background-image":"","background-repeat":"repeat","background-position":"center center","background-size":"auto","background-attachment":"scroll","background-type":"","background-media":"","overlay-type":"","overlay-color":"","overlay-opacity":"","overlay-gradient":""}},"ast-content-background-meta":{"desktop":{"background-color":"var(--ast-global-color-5)","background-image":"","background-repeat":"repeat","background-position":"center center","background-size":"auto","background-attachment":"scroll","background-type":"","background-media":"","overlay-type":"","overlay-color":"","overlay-opacity":"","overlay-gradient":""},"tablet":{"background-color":"var(--ast-global-color-5)","background-image":"","background-repeat":"repeat","background-position":"center center","background-size":"auto","background-attachment":"scroll","background-type":"","background-media":"","overlay-type":"","overlay-color":"","overlay-opacity":"","overlay-gradient":""},"mobile":{"background-color":"var(--ast-global-color-5)","background-image":"","background-repeat":"repeat","background-position":"center center","background-size":"auto","background-attachment":"scroll","background-type":"","background-media":"","overlay-type":"","overlay-color":"","overlay-opacity":"","overlay-gradient":""}},"footnotes":""},"class_list":["post-1038","page","type-page","status-publish","hentry"],"yoast_head":"<!-- This site is optimized with the Yoast SEO plugin v26.9 - https:\/\/yoast.com\/product\/yoast-seo-wordpress\/ -->\n<title>Mentions L\u00e9gales - Atmosphere-Atmosphere<\/title>\n<meta name=\"robots\" content=\"index, follow, max-snippet:-1, max-image-preview:large, max-video-preview:-1\" \/>\n<link rel=\"canonical\" href=\"https:\/\/atmosphere-atmosphere.com\/en\/mentions-legales\/\" \/>\n<meta property=\"og:locale\" content=\"en_US\" \/>\n<meta property=\"og:type\" content=\"article\" \/>\n<meta property=\"og:title\" content=\"Mentions L\u00e9gales - Atmosphere-Atmosphere\" \/>\n<meta property=\"og:description\" content=\"Ce site est propri\u00e9t\u00e9 de Fran\u00e7ois Hebert. 07 86 22 31 81 Il est h\u00e9berg\u00e9 par OVH2 rue Kellermann59 100 RoubaixFrance Conditions d&rsquo;utilisation du site Internet www.atmosphere-atmosphere.com Le site et chacun des \u00e9l\u00e9ments, y compris mais sans limitation les marques, les logos, ic\u00f4nes, infographies, photographies, qui le composent sont prot\u00e9g\u00e9s au titre de la l\u00e9gislation [&hellip;]\" \/>\n<meta property=\"og:url\" content=\"https:\/\/atmosphere-atmosphere.com\/en\/mentions-legales\/\" \/>\n<meta property=\"og:site_name\" content=\"Atmosphere-Atmosphere\" \/>\n<meta name=\"twitter:card\" content=\"summary_large_image\" \/>\n<meta name=\"twitter:label1\" content=\"Est. reading time\" \/>\n\t<meta name=\"twitter:data1\" content=\"1 minute\" \/>\n<script type=\"application\/ld+json\" class=\"yoast-schema-graph\">{\"@context\":\"https:\/\/schema.org\",\"@graph\":[{\"@type\":\"WebPage\",\"@id\":\"https:\/\/atmosphere-atmosphere.com\/mentions-legales\/\",\"url\":\"https:\/\/atmosphere-atmosphere.com\/mentions-legales\/\",\"name\":\"Mentions L\u00e9gales - Atmosphere-Atmosphere\",\"isPartOf\":{\"@id\":\"https:\/\/atmosphere-atmosphere.com\/#website\"},\"datePublished\":\"2024-07-29T15:45:29+00:00\",\"breadcrumb\":{\"@id\":\"https:\/\/atmosphere-atmosphere.com\/mentions-legales\/#breadcrumb\"},\"inLanguage\":\"en-US\",\"potentialAction\":[{\"@type\":\"ReadAction\",\"target\":[\"https:\/\/atmosphere-atmosphere.com\/mentions-legales\/\"]}]},{\"@type\":\"BreadcrumbList\",\"@id\":\"https:\/\/atmosphere-atmosphere.com\/mentions-legales\/#breadcrumb\",\"itemListElement\":[{\"@type\":\"ListItem\",\"position\":1,\"name\":\"Accueil\",\"item\":\"https:\/\/atmosphere-atmosphere.com\/\"},{\"@type\":\"ListItem\",\"position\":2,\"name\":\"Mentions L\u00e9gales\"}]},{\"@type\":\"WebSite\",\"@id\":\"https:\/\/atmosphere-atmosphere.com\/#website\",\"url\":\"https:\/\/atmosphere-atmosphere.com\/\",\"name\":\"Atmosphere Atmosphere\",\"description\":\"Art de vivre autrement\",\"publisher\":{\"@id\":\"https:\/\/atmosphere-atmosphere.com\/#organization\"},\"potentialAction\":[{\"@type\":\"SearchAction\",\"target\":{\"@type\":\"EntryPoint\",\"urlTemplate\":\"https:\/\/atmosphere-atmosphere.com\/?s={search_term_string}\"},\"query-input\":{\"@type\":\"PropertyValueSpecification\",\"valueRequired\":true,\"valueName\":\"search_term_string\"}}],\"inLanguage\":\"en-US\"},{\"@type\":\"Organization\",\"@id\":\"https:\/\/atmosphere-atmosphere.com\/#organization\",\"name\":\"Atmosphere Atmosphere\",\"url\":\"https:\/\/atmosphere-atmosphere.com\/\",\"logo\":{\"@type\":\"ImageObject\",\"inLanguage\":\"en-US\",\"@id\":\"https:\/\/atmosphere-atmosphere.com\/#\/schema\/logo\/image\/\",\"url\":\"https:\/\/atmosphere-atmosphere.com\/wp-content\/uploads\/2024\/10\/Logo-oursin-seul-144px-favicon.png\",\"contentUrl\":\"https:\/\/atmosphere-atmosphere.com\/wp-content\/uploads\/2024\/10\/Logo-oursin-seul-144px-favicon.png\",\"width\":144,\"height\":144,\"caption\":\"Atmosphere Atmosphere\"},\"image\":{\"@id\":\"https:\/\/atmosphere-atmosphere.com\/#\/schema\/logo\/image\/\"}}]}<\/script>\n<!-- \/ Yoast SEO plugin. -->","yoast_head_json":{"title":"Mentions L\u00e9gales - Atmosphere-Atmosphere","robots":{"index":"index","follow":"follow","max-snippet":"max-snippet:-1","max-image-preview":"max-image-preview:large","max-video-preview":"max-video-preview:-1"},"canonical":"https:\/\/atmosphere-atmosphere.com\/en\/mentions-legales\/","og_locale":"en_US","og_type":"article","og_title":"Mentions L\u00e9gales - Atmosphere-Atmosphere","og_description":"Ce site est propri\u00e9t\u00e9 de Fran\u00e7ois Hebert. 07 86 22 31 81 Il est h\u00e9berg\u00e9 par OVH2 rue Kellermann59 100 RoubaixFrance Conditions d&rsquo;utilisation du site Internet www.atmosphere-atmosphere.com Le site et chacun des \u00e9l\u00e9ments, y compris mais sans limitation les marques, les logos, ic\u00f4nes, infographies, photographies, qui le composent sont prot\u00e9g\u00e9s au titre de la l\u00e9gislation [&hellip;]","og_url":"https:\/\/atmosphere-atmosphere.com\/en\/mentions-legales\/","og_site_name":"Atmosphere-Atmosphere","twitter_card":"summary_large_image","twitter_misc":{"Est. reading time":"1 minute"},"schema":{"@context":"https:\/\/schema.org","@graph":[{"@type":"WebPage","@id":"https:\/\/atmosphere-atmosphere.com\/mentions-legales\/","url":"https:\/\/atmosphere-atmosphere.com\/mentions-legales\/","name":"Mentions L\u00e9gales - Atmosphere-Atmosphere","isPartOf":{"@id":"https:\/\/atmosphere-atmosphere.com\/#website"},"datePublished":"2024-07-29T15:45:29+00:00","breadcrumb":{"@id":"https:\/\/atmosphere-atmosphere.com\/mentions-legales\/#breadcrumb"},"inLanguage":"en-US","potentialAction":[{"@type":"ReadAction","target":["https:\/\/atmosphere-atmosphere.com\/mentions-legales\/"]}]},{"@type":"BreadcrumbList","@id":"https:\/\/atmosphere-atmosphere.com\/mentions-legales\/#breadcrumb","itemListElement":[{"@type":"ListItem","position":1,"name":"Accueil","item":"https:\/\/atmosphere-atmosphere.com\/"},{"@type":"ListItem","position":2,"name":"Mentions L\u00e9gales"}]},{"@type":"WebSite","@id":"https:\/\/atmosphere-atmosphere.com\/#website","url":"https:\/\/atmosphere-atmosphere.com\/","name":"Atmosphere Atmosphere","description":"A unique lifestyle","publisher":{"@id":"https:\/\/atmosphere-atmosphere.com\/#organization"},"potentialAction":[{"@type":"SearchAction","target":{"@type":"EntryPoint","urlTemplate":"https:\/\/atmosphere-atmosphere.com\/?s={search_term_string}"},"query-input":{"@type":"PropertyValueSpecification","valueRequired":true,"valueName":"search_term_string"}}],"inLanguage":"en-US"},{"@type":"Organization","@id":"https:\/\/atmosphere-atmosphere.com\/#organization","name":"Atmosphere Atmosphere","url":"https:\/\/atmosphere-atmosphere.com\/","logo":{"@type":"ImageObject","inLanguage":"en-US","@id":"https:\/\/atmosphere-atmosphere.com\/#\/schema\/logo\/image\/","url":"https:\/\/atmosphere-atmosphere.com\/wp-content\/uploads\/2024\/10\/Logo-oursin-seul-144px-favicon.png","contentUrl":"https:\/\/atmosphere-atmosphere.com\/wp-content\/uploads\/2024\/10\/Logo-oursin-seul-144px-favicon.png","width":144,"height":144,"caption":"Atmosphere Atmosphere"},"image":{"@id":"https:\/\/atmosphere-atmosphere.com\/#\/schema\/logo\/image\/"}}]}},"_links":{"self":[{"href":"https:\/\/atmosphere-atmosphere.com\/en\/wp-json\/wp\/v2\/pages\/1038","targetHints":{"allow":["GET"]}}],"collection":[{"href":"https:\/\/atmosphere-atmosphere.com\/en\/wp-json\/wp\/v2\/pages"}],"about":[{"href":"https:\/\/atmosphere-atmosphere.com\/en\/wp-json\/wp\/v2\/types\/page"}],"author":[{"embeddable":true,"href":"https:\/\/atmosphere-atmosphere.com\/en\/wp-json\/wp\/v2\/users\/1"}],"replies":[{"embeddable":true,"href":"https:\/\/atmosphere-atmosphere.com\/en\/wp-json\/wp\/v2\/comments?post=1038"}],"version-history":[{"count":1,"href":"https:\/\/atmosphere-atmosphere.com\/en\/wp-json\/wp\/v2\/pages\/1038\/revisions"}],"predecessor-version":[{"id":1039,"href":"https:\/\/atmosphere-atmosphere.com\/en\/wp-json\/wp\/v2\/pages\/1038\/revisions\/1039"}],"wp:attachment":[{"href":"https:\/\/atmosphere-atmosphere.com\/en\/wp-json\/wp\/v2\/media?parent=1038"}],"curies":[{"name":"wp","href":"https:\/\/api.w.org\/{rel}","templated":true}]}}